{"id":38,"date":"2015-05-04T19:08:33","date_gmt":"2015-05-04T17:08:33","guid":{"rendered":"https:\/\/lienz-orthodoxie.at\/?page_id=38"},"modified":"2022-06-08T21:04:42","modified_gmt":"2022-06-08T19:04:42","slug":"%d0%b8%d1%81%d1%82%d0%be%d1%80%d0%b8%d1%8f-%d1%82%d1%80%d0%b0%d0%b3%d0%b5%d0%b4%d0%b8%d0%b8","status":"publish","type":"page","link":"https:\/\/lienz-orthodoxie.at\/de\/%d0%b8%d1%81%d1%82%d0%be%d1%80%d0%b8%d1%8f-%d1%82%d1%80%d0%b0%d0%b3%d0%b5%d0%b4%d0%b8%d0%b8\/","title":{"rendered":"Geschichte der Trag\u00f6die"},"content":{"rendered":"<div id=\"attachment_54\" style=\"width: 810px\" class=\"wp-caption aligncenter\"><a href=\"https:\/\/lienz-orthodoxie.at\/wp-content\/uploads\/2015\/05\/Lienz-Trimmed.jpg\"><img loading=\"lazy\" decoding=\"async\" aria-describedby=\"caption-attachment-54\" class=\"wp-image-54 size-full\" src=\"https:\/\/lienz-orthodoxie.at\/wp-content\/uploads\/2015\/05\/Lienz-Trimmed.jpg\" alt=\"Lienz-Trimmed\" width=\"800\" height=\"378\" srcset=\"https:\/\/lienz-orthodoxie.at\/wp-content\/uploads\/2015\/05\/Lienz-Trimmed.jpg 800w, https:\/\/lienz-orthodoxie.at\/wp-content\/uploads\/2015\/05\/Lienz-Trimmed-300x142.jpg 300w\" sizes=\"auto, (max-width: 800px) 100vw, 800px\" \/><\/a><p id=\"caption-attachment-54\" class=\"wp-caption-text\">Sergej Korolkoff &#8222;Die Auslieferung der Kosaken in Lienz&#8220;<\/p><\/div>\n<p style=\"text-align: justify;\">Im Mai-Juni 1945 wurde das gem\u00fctliche \u00f6sterreichische St\u00e4dtchen Lienz, im malerischen Drautal gelegen, umgeben von sch\u00f6nem Waldgebirge, am Zusammenfluss der wasserreichen Alpenstr\u00f6me Drau und Isel gelegen, Zeuge des schrecklichen Dramas des russischen Kosakentums.<\/p>\n<p style=\"text-align: justify;\">Gem\u00e4\u00df dem Vertrag von Jalta hatten sich die britischen und amerikanischen Alliierten verpflichtet, der Sowjetunion alle Personen auszuliefern, die zum Zeitpunkt 01.09.1939 Sowjetb\u00fcrger waren. Die Alliierten lieferten bereitwillig dazu auch den Gro\u00dfteil der sog. &#8222;Alt-Emigranten&#8220; und deren Kinder aus, die keine Sowjetb\u00fcrger waren.<\/p>\n<p style=\"text-align: justify;\">Am 2. Mai verk\u00fcndete die Kosakenverwaltung den Erlass \u00fcber den R\u00fcckzug nach \u00d6sterreich (K\u00e4rnten und Osttirol) zwecks ehrenvoller Kapitulation gegen\u00fcber den Engl\u00e4ndern. An diesem Tag kamen die Engl\u00e4nder in das Drautal und nahmen die Kapitulation entgegen. Die Kosaken lieferten so gut wie alle Waffen ab und wurden auf mehrere Lager in der Lienzer Umgebung verteilt.<\/p>\n<p style=\"text-align: justify;\">Am 28. Mai wurden die Engl\u00e4nder wortbr\u00fcchig und lieferten unter Berufung auf eine Schein-Konferenz ca. 2.300 Kosaken-Gener\u00e4le und Offiziere an die sowjetische Geheimpolizei NKWD aus.<\/p>\n<p style=\"text-align: justify;\">Um 5 Uhr morgens am 1. Juni versammelten sich die Kosaken auf dem Hauptplatz im Lager Peggez zur Feier der Liturgie. Als die Hl. Kommunion begann (die Kommunion wurde gleichzeitig von 20 Priestern bei 3 Diakonen ausgeteilt), tauchten die britischen Milit\u00e4rs auf.<\/p>\n<div id=\"attachment_115\" style=\"width: 310px\" class=\"wp-caption alignleft\"><a href=\"https:\/\/lienz-orthodoxie.at\/wp-content\/uploads\/2015\/05\/Friedhof.jpg\"><img loading=\"lazy\" decoding=\"async\" aria-describedby=\"caption-attachment-115\" class=\"size-medium wp-image-115\" src=\"https:\/\/lienz-orthodoxie.at\/wp-content\/uploads\/2015\/05\/Friedhof-300x140.jpg\" alt=\"\u041a\u0430\u0437\u0430\u0447\u044c\u0435 \u043a\u043b\u0430\u0434\u0431\u0449\u0435\" width=\"300\" height=\"140\" \/><\/a><p id=\"caption-attachment-115\" class=\"wp-caption-text\">\u041a\u0430\u0437\u0430\u0447\u044c\u0435 \u043a\u043b\u0430\u0434\u0431\u0449\u0435 \u0432 \u041b\u0438\u0435\u043d\u0446\u0435<\/p><\/div>\n<p style=\"text-align: justify;\">Pl\u00f6tzlich st\u00fcrzten sich die Engl\u00e4nder auf die versammelten Kosaken. Schiessend, mit Bajonetten, Kn\u00fcppeln und Gewehrkolben-Schl\u00e4gen zerrissen sie die Vorderreihen der unbewaffneten Kosakenjunker, metzelten dabei alle um sich herum wahllos nieder \u2013 K\u00e4mpfer und Fl\u00fcchtlinge, Greise und Frauen, die Kleinkinder in die Erde hineinstampfend.<\/p>\n<p style=\"text-align: justify;\">Die Auslieferung der Kosaken dauerte bis Mitte Juni 1945. Zur dieser Zeit wurden \u00fcber f\u00fcnfundzwanzigtausend Kosaken und Kaukasier aus der Umgebung von Lienz in die UdSSR deportiert, darunter mindestens dreitausend alte Emigranten. \u00dcber viertausend Menschen fl\u00fcchteten in die W\u00e4lder und Berge. Mehr als tausend sind w\u00e4hrend der Aktion der britischen Verb\u00e4nde am 1. Juni umgekommen.<\/p>\n","protected":false},"excerpt":{"rendered":"<p>Im Mai-Juni 1945 wurde das gem\u00fctliche \u00f6sterreichische St\u00e4dtchen Lienz, im malerischen Drautal gelegen, umgeben von sch\u00f6nem Waldgebirge, am Zusammenfluss der wasserreichen Alpenstr\u00f6me Drau und Isel gelegen, Zeuge des schrecklichen Dramas des russischen Kosakentums. Gem\u00e4\u00df dem Vertrag von Jalta hatten sich die britischen und amerikanischen Alliierten verpflichtet, der Sowjetunion alle Personen auszuliefern, die zum Zeitpunkt 01.09.1939 [&hellip;]<\/p>\n","protected":false},"author":1,"featured_media":0,"parent":0,"menu_order":0,"comment_status":"closed","ping_status":"closed","template":"","meta":{"footnotes":""},"class_list":["post-38","page","type-page","status-publish","hentry","post"],"translation":{"provider":"WPGlobus","version":"3.0.2","language":"de","enabled_languages":["ru","de"],"languages":{"ru":{"title":true,"content":true,"excerpt":false},"de":{"title":true,"content":true,"excerpt":false}}},"_links":{"self":[{"href":"https:\/\/lienz-orthodoxie.at\/de\/wp-json\/wp\/v2\/pages\/38","targetHints":{"allow":["GET"]}}],"collection":[{"href":"https:\/\/lienz-orthodoxie.at\/de\/wp-json\/wp\/v2\/pages"}],"about":[{"href":"https:\/\/lienz-orthodoxie.at\/de\/wp-json\/wp\/v2\/types\/page"}],"author":[{"embeddable":true,"href":"https:\/\/lienz-orthodoxie.at\/de\/wp-json\/wp\/v2\/users\/1"}],"replies":[{"embeddable":true,"href":"https:\/\/lienz-orthodoxie.at\/de\/wp-json\/wp\/v2\/comments?post=38"}],"version-history":[{"count":0,"href":"https:\/\/lienz-orthodoxie.at\/de\/wp-json\/wp\/v2\/pages\/38\/revisions"}],"wp:attachment":[{"href":"https:\/\/lienz-orthodoxie.at\/de\/wp-json\/wp\/v2\/media?parent=38"}],"curies":[{"name":"wp","href":"https:\/\/api.w.org\/{rel}","templated":true}]}}